{"id":143,"date":"2025-01-28T10:05:24","date_gmt":"2025-01-28T10:05:24","guid":{"rendered":"https:\/\/social-angels.de\/?page_id=143"},"modified":"2025-02-12T08:56:19","modified_gmt":"2025-02-12T08:56:19","slug":"social-angels-stiftung","status":"publish","type":"page","link":"https:\/\/social-angels.de\/","title":{"rendered":"Social Angels Stiftung"},"content":{"rendered":"<p>[et_pb_section fb_built=&#8220;1&#8243; admin_label=&#8220;Video&#8220; _builder_version=&#8220;4.25.1&#8243; _module_preset=&#8220;default&#8220; custom_padding=&#8220;0px||0px||true|false&#8220; collapsed=&#8220;on&#8220; global_colors_info=&#8220;{}&#8220;][et_pb_row _builder_version=&#8220;4.27.4&#8243; _module_preset=&#8220;default&#8220; global_colors_info=&#8220;{}&#8220;][et_pb_column type=&#8220;4_4&#8243; _builder_version=&#8220;4.27.4&#8243; _module_preset=&#8220;default&#8220; global_colors_info=&#8220;{}&#8220;][et_pb_image src=&#8220;https:\/\/social-angels.de\/wp-content\/uploads\/2024\/04\/PortraitWeberOliver9.jpg&#8220; title_text=&#8220;PortraitWeberOliver9&#8243; align=&#8220;center&#8220; _builder_version=&#8220;4.27.4&#8243; _module_preset=&#8220;default&#8220; global_colors_info=&#8220;{}&#8220;][\/et_pb_image][et_pb_text _builder_version=&#8220;4.27.4&#8243; _module_preset=&#8220;default&#8220; global_colors_info=&#8220;{}&#8220;][\/et_pb_text][\/et_pb_column][\/et_pb_row][et_pb_row _builder_version=&#8220;4.27.4&#8243; _module_preset=&#8220;default&#8220; global_colors_info=&#8220;{}&#8220;][et_pb_column type=&#8220;4_4&#8243; _builder_version=&#8220;4.27.4&#8243; _module_preset=&#8220;default&#8220; global_colors_info=&#8220;{}&#8220;][et_pb_text _builder_version=&#8220;4.27.4&#8243; _module_preset=&#8220;default&#8220; text_font=&#8220;Arial||||||||&#8220; text_font_size=&#8220;20px&#8220; global_colors_info=&#8220;{}&#8220;]<\/p>\n<p>&#8222;In dieser unruhigen Gesellschaft brauchen wir die Wogen der Kraft der B\u00fcrgerinnen und B\u00fcrger, um aus der Krise eine Chance zu machen, um unser Land in neuem Licht erscheinen zu lassen. Nichts davon k\u00f6nnen wir erreichen, ohne die aktive Mitarbeit der B\u00fcrgerinnen und B\u00fcrger.<\/p>\n<p>Ohne das Talent der Personen, die den menschlichen Raum der St\u00e4dte teilen und miteinander leben. Ohne die St\u00e4rke ihrer Ideen. Ohne die Leidenschaft und den engagierten Einsatz der B\u00fcrger\/innen f\u00fcr die Wiedererlangung der Begeisterung f\u00fcr Europa, f\u00fcr die Entwicklung einer vielf\u00e4ltigen Kultur der Werte und des Dialogs.\u201c\u00a0 (S. Sebastian)<\/p>\n<p>[\/et_pb_text][\/et_pb_column][\/et_pb_row][\/et_pb_section][et_pb_section fb_built=&#8220;1&#8243; _builder_version=&#8220;4.27.4&#8243; _module_preset=&#8220;default&#8220; custom_margin=&#8220;||-140px|||&#8220; global_colors_info=&#8220;{}&#8220;][\/et_pb_section][et_pb_section fb_built=&#8220;1&#8243; admin_label=&#8220;Services&#8220; _builder_version=&#8220;4.25.1&#8243; _module_preset=&#8220;default&#8220; collapsed=&#8220;on&#8220; global_colors_info=&#8220;{}&#8220;][et_pb_row _builder_version=&#8220;4.27.4&#8243; _module_preset=&#8220;default&#8220; global_colors_info=&#8220;{}&#8220;][et_pb_column type=&#8220;4_4&#8243; _builder_version=&#8220;4.25.1&#8243; _module_preset=&#8220;default&#8220; global_colors_info=&#8220;{}&#8220;][et_pb_heading title=&#8220;Stiftungs- bzw. F\u00f6rderprojekte&#8220; _builder_version=&#8220;4.27.4&#8243; _module_preset=&#8220;082916de-cb00-4041-a11b-fa85899b06aa&#8220; title_level=&#8220;h1&#8243; title_font=&#8220;Arial||||||||&#8220; title_text_align=&#8220;center&#8220; title_font_size=&#8220;50px&#8220; custom_margin=&#8220;||||false|false&#8220; global_colors_info=&#8220;{}&#8220;][\/et_pb_heading][\/et_pb_column][\/et_pb_row][et_pb_row column_structure=&#8220;1_2,1_2&#8243; _builder_version=&#8220;4.27.4&#8243; _module_preset=&#8220;default&#8220; global_colors_info=&#8220;{}&#8220;][et_pb_column type=&#8220;1_2&#8243; _builder_version=&#8220;4.27.4&#8243; _module_preset=&#8220;default&#8220; global_colors_info=&#8220;{}&#8220;][et_pb_image src=&#8220;https:\/\/social-angels.de\/wp-content\/uploads\/2025\/01\/Abury_1.jpg&#8220; title_text=&#8220;Abury_1&#8243; _builder_version=&#8220;4.27.4&#8243; _module_preset=&#8220;default&#8220; animation_style=&#8220;slide&#8220; hover_enabled=&#8220;0&#8243; global_colors_info=&#8220;{}&#8220; sticky_enabled=&#8220;0&#8243;][\/et_pb_image][\/et_pb_column][et_pb_column type=&#8220;1_2&#8243; _builder_version=&#8220;4.27.4&#8243; _module_preset=&#8220;default&#8220; global_colors_info=&#8220;{}&#8220;][et_pb_image src=&#8220;https:\/\/social-angels.de\/wp-content\/uploads\/2025\/01\/ABURY-Foundation-Logo.png&#8220; title_text=&#8220;ABURY-Foundation-Logo&#8220; _builder_version=&#8220;4.27.4&#8243; _module_preset=&#8220;default&#8220; global_colors_info=&#8220;{}&#8220;][\/et_pb_image][et_pb_text _builder_version=&#8220;4.27.4&#8243; _module_preset=&#8220;default&#8220; text_font=&#8220;Arial||||||||&#8220; text_font_size=&#8220;18px&#8220; global_colors_info=&#8220;{}&#8220;]<\/p>\n<p>ABURY st\u00e4rkt Frauen auf ihrem Weg in ein selbstbestimmtes und unabh\u00e4ngiges Leben.<\/p>\n<p>ABURY f\u00f6rdert Bildung von Frauen und Kindern, weil Bildung die Voraussetzung f\u00fcr Unabh\u00e4ngigkeit ist.<\/p>\n<p>ABURY\u00a0erm\u00f6glicht Verst\u00e4ndigung zwischen den Kulturen, weil voneinander lernen sich gegenseitig st\u00e4rken bedeutet.<\/p>\n<p>[\/et_pb_text][\/et_pb_column][\/et_pb_row][et_pb_row column_structure=&#8220;1_2,1_2&#8243; _builder_version=&#8220;4.27.4&#8243; _module_preset=&#8220;default&#8220; global_colors_info=&#8220;{}&#8220;][et_pb_column type=&#8220;1_2&#8243; _builder_version=&#8220;4.27.4&#8243; _module_preset=&#8220;default&#8220; global_colors_info=&#8220;{}&#8220;][et_pb_image src=&#8220;https:\/\/social-angels.de\/wp-content\/uploads\/2024\/04\/Saxa_SAS_ART_Ka_210224.jpg&#8220; title_text=&#8220;Screenshot&#8220; url=&#8220;https:\/\/saxa.eu\/saxa-macht-schule\/&#8220; url_new_window=&#8220;on&#8220; align=&#8220;center&#8220; _builder_version=&#8220;4.27.4&#8243; _module_preset=&#8220;default&#8220; width=&#8220;70%&#8220; max_width=&#8220;74%&#8220; global_colors_info=&#8220;{}&#8220;][\/et_pb_image][\/et_pb_column][et_pb_column type=&#8220;1_2&#8243; _builder_version=&#8220;4.27.4&#8243; _module_preset=&#8220;default&#8220; global_colors_info=&#8220;{}&#8220;][et_pb_image src=&#8220;https:\/\/social-angels.de\/wp-content\/uploads\/2024\/04\/eFrechen22000x266711024x1024.jpg&#8220; title_text=&#8220;eFrechen22000x266711024x1024&#8243; url=&#8220;https:\/\/saxa.eu\/saxa-macht-schule\/&#8220; url_new_window=&#8220;on&#8220; _builder_version=&#8220;4.27.4&#8243; _module_preset=&#8220;default&#8220; animation_style=&#8220;slide&#8220; global_colors_info=&#8220;{}&#8220;][\/et_pb_image][\/et_pb_column][\/et_pb_row][et_pb_row column_structure=&#8220;1_2,1_2&#8243; _builder_version=&#8220;4.27.4&#8243; _module_preset=&#8220;default&#8220; global_colors_info=&#8220;{}&#8220;][et_pb_column type=&#8220;1_2&#8243; _builder_version=&#8220;4.27.4&#8243; _module_preset=&#8220;default&#8220; global_colors_info=&#8220;{}&#8220;][et_pb_text _builder_version=&#8220;4.27.4&#8243; _module_preset=&#8220;default&#8220; text_font=&#8220;Arial||||||||&#8220; text_font_size=&#8220;18px&#8220; global_colors_info=&#8220;{}&#8220;]<\/p>\n<p><a href=\"https:\/\/www.provenexpert.com\/de-de\/social-angels-stiftung\/\" target=\"_blank\" rel=\"noopener\">Bewerten Sie unser Stiftungsengagement auf der <strong>Plattform &#8222;Proven Expert&#8220;<\/strong><\/a><\/p>\n<p>[\/et_pb_text][\/et_pb_column][et_pb_column type=&#8220;1_2&#8243; _builder_version=&#8220;4.27.4&#8243; _module_preset=&#8220;default&#8220; global_colors_info=&#8220;{}&#8220;][et_pb_image src=&#8220;https:\/\/social-angels.de\/wp-content\/uploads\/2025\/02\/ProEx_SAS_110225-1.jpg&#8220; title_text=&#8220;ProEx_SAS_110225&#8243; url=&#8220;https:\/\/www.provenexpert.com\/de-de\/social-angels-stiftung\/&#8220; url_new_window=&#8220;on&#8220; _builder_version=&#8220;4.27.4&#8243; _module_preset=&#8220;default&#8220; animation_style=&#8220;slide&#8220; global_colors_info=&#8220;{}&#8220;][\/et_pb_image][\/et_pb_column][\/et_pb_row][et_pb_row column_structure=&#8220;1_2,1_2&#8243; _builder_version=&#8220;4.27.4&#8243; _module_preset=&#8220;default&#8220; global_colors_info=&#8220;{}&#8220;][et_pb_column type=&#8220;1_2&#8243; _builder_version=&#8220;4.27.4&#8243; _module_preset=&#8220;default&#8220; global_colors_info=&#8220;{}&#8220;][et_pb_text _builder_version=&#8220;4.27.4&#8243; _module_preset=&#8220;default&#8220; text_font=&#8220;Arial||||||||&#8220; text_font_size=&#8220;18px&#8220; global_colors_info=&#8220;{}&#8220;]<\/p>\n<p style=\"text-align: center;\"><strong style=\"font-size: 22px;\">Sarna R\u00f6ser<\/strong><span style=\"font-size: 22px;\">\u00a0und\u00a0<\/span><strong style=\"font-size: 22px;\">DIE JUNGEN UNTERNEHMER\u00a0<\/strong><strong><\/strong><\/p>\n<p style=\"text-align: center;\">landen mit\u00a0<strong>&#8222;Ein Pl\u00e4doyer f\u00fcr die Mehrheit&#8220;\u00a0<\/strong><\/p>\n<p style=\"text-align: center;\">nach der\u00a0<strong>ersten Verkaufswoche\u00a0<\/strong><\/p>\n<p style=\"text-align: center;\">auf der <strong>SPIEGEL Bestseller Liste<\/strong><\/p>\n<p>[\/et_pb_text][\/et_pb_column][et_pb_column type=&#8220;1_2&#8243; _builder_version=&#8220;4.27.4&#8243; _module_preset=&#8220;default&#8220; global_colors_info=&#8220;{}&#8220;][et_pb_image src=&#8220;https:\/\/social-angels.de\/wp-content\/uploads\/2024\/04\/laedoyerBuchBestseller060723.jpg&#8220; title_text=&#8220;laedoyerBuchBestseller060723&#8243; align=&#8220;center&#8220; _builder_version=&#8220;4.27.4&#8243; _module_preset=&#8220;default&#8220; width=&#8220;73%&#8220; animation_style=&#8220;slide&#8220; global_colors_info=&#8220;{}&#8220;][\/et_pb_image][\/et_pb_column][\/et_pb_row][\/et_pb_section][et_pb_section fb_built=&#8220;1&#8243; admin_label=&#8220;Footer&#8220; _builder_version=&#8220;4.25.1&#8243; _module_preset=&#8220;default&#8220; background_color=&#8220;gcid-8544a4e2-27b8-420a-83de-1cee04f2fb29&#8243; saved_tabs=&#8220;all&#8220; collapsed=&#8220;on&#8220; global_colors_info=&#8220;{%22gcid-8544a4e2-27b8-420a-83de-1cee04f2fb29%22:%91%22background_color%22%93}&#8220;][et_pb_row _builder_version=&#8220;4.27.4&#8243; _module_preset=&#8220;default&#8220; global_colors_info=&#8220;{}&#8220;][et_pb_column type=&#8220;4_4&#8243; _builder_version=&#8220;4.27.4&#8243; _module_preset=&#8220;default&#8220; global_colors_info=&#8220;{}&#8220;][et_pb_image src=&#8220;https:\/\/social-angels.de\/wp-content\/uploads\/2025\/01\/Social-Angels-Erkennen-Logo-1.gif&#8220; title_text=&#8220;Social Angels Erkennen Logo&#8220; align=&#8220;center&#8220; _builder_version=&#8220;4.27.4&#8243; _module_preset=&#8220;default&#8220; global_colors_info=&#8220;{}&#8220;][\/et_pb_image][\/et_pb_column][\/et_pb_row][et_pb_row column_structure=&#8220;1_3,1_3,1_3&#8243; _builder_version=&#8220;4.25.1&#8243; _module_preset=&#8220;default&#8220; global_colors_info=&#8220;{}&#8220;][et_pb_column type=&#8220;1_3&#8243; _builder_version=&#8220;4.25.1&#8243; _module_preset=&#8220;default&#8220; global_colors_info=&#8220;{}&#8220;][et_pb_heading title=&#8220;Stiftungsb\u00fcro&#8220; _builder_version=&#8220;4.27.4&#8243; _module_preset=&#8220;c6da44c3-4594-4d8c-bd8d-2b625a9f9e16&#8243; custom_margin=&#8220;||0px||false|false&#8220; global_colors_info=&#8220;{}&#8220;][\/et_pb_heading][et_pb_text _builder_version=&#8220;4.27.4&#8243; _module_preset=&#8220;371f1257-488f-476b-9d2d-f8766ab4228f&#8220; global_colors_info=&#8220;{}&#8220;]<\/p>\n<p>Social Angels Stiftung<br \/>Johann-Wolff-Str. 1<br \/>D-74395 Mundelsheim<\/p>\n<p>[\/et_pb_text][\/et_pb_column][et_pb_column type=&#8220;1_3&#8243; _builder_version=&#8220;4.25.1&#8243; _module_preset=&#8220;default&#8220; global_colors_info=&#8220;{}&#8220;][et_pb_heading title=&#8220;Telefonnummer&#8220; _builder_version=&#8220;4.25.1&#8243; _module_preset=&#8220;c6da44c3-4594-4d8c-bd8d-2b625a9f9e16&#8243; custom_margin=&#8220;||0px||false|false&#8220; global_colors_info=&#8220;{}&#8220;][\/et_pb_heading][et_pb_text _builder_version=&#8220;4.27.4&#8243; _module_preset=&#8220;371f1257-488f-476b-9d2d-f8766ab4228f&#8220; global_colors_info=&#8220;{}&#8220;]<\/p>\n<p>Tel.: 07143-259595-2<\/p>\n<p>[\/et_pb_text][\/et_pb_column][et_pb_column type=&#8220;1_3&#8243; _builder_version=&#8220;4.25.1&#8243; _module_preset=&#8220;default&#8220; global_colors_info=&#8220;{}&#8220;][et_pb_heading title=&#8220;Email&#8220; _builder_version=&#8220;4.25.1&#8243; _module_preset=&#8220;c6da44c3-4594-4d8c-bd8d-2b625a9f9e16&#8243; custom_margin=&#8220;||0px||false|false&#8220; global_colors_info=&#8220;{}&#8220;][\/et_pb_heading][et_pb_text _builder_version=&#8220;4.27.4&#8243; _module_preset=&#8220;371f1257-488f-476b-9d2d-f8766ab4228f&#8220; link_text_color=&#8220;#666666&#8243; global_colors_info=&#8220;{%22gcid-bcc99e3b-722a-4dba-85e5-49c6d1592562%22:%91%22quote_border_color%22,%22quote_border_color%22,%22quote_border_color%22,%22quote_border_color%22,%22quote_border_color%22%93,%22gcid-fa3e187d-20a7-4c5a-962d-49a38117a4cc%22:%91%22quote_text_color%22,%22quote_text_color%22,%22quote_text_color%22,%22quote_text_color%22,%22quote_text_color%22%93}&#8220;]<\/p>\n<p><a href=\"mailto:#\">info@social-angels.de<\/a><\/p>\n<p>[\/et_pb_text][\/et_pb_column][\/et_pb_row][et_pb_row _builder_version=&#8220;4.25.1&#8243; _module_preset=&#8220;default&#8220; custom_margin=&#8220;30px||||false|false&#8220; border_color_all=&#8220;#000000&#8243; border_width_top=&#8220;2px&#8220; global_colors_info=&#8220;{}&#8220;][et_pb_column type=&#8220;4_4&#8243; _builder_version=&#8220;4.25.1&#8243; _module_preset=&#8220;default&#8220; global_colors_info=&#8220;{}&#8220;][et_pb_text _builder_version=&#8220;4.25.1&#8243; _dynamic_attributes=&#8220;content&#8220; _module_preset=&#8220;371f1257-488f-476b-9d2d-f8766ab4228f&#8220; text_orientation=&#8220;center&#8220; global_colors_info=&#8220;{}&#8220;]@ET-DC@eyJkeW5hbWljIjp0cnVlLCJjb250ZW50IjoiY3VycmVudF9kYXRlIiwic2V0dGluZ3MiOnsiYmVmb3JlIjoiQ29weXJpZ2h0ICZjb3B5OyAiLCJhZnRlciI6IiBEaXZpLiBBbGwgUmlnaHRzIFJlc2VydmVkLiIsImRhdGVfZm9ybWF0IjoiY3VzdG9tIiwiY3VzdG9tX2RhdGVfZm9ybWF0IjoiWSJ9fQ==@[\/et_pb_text][\/et_pb_column][\/et_pb_row][\/et_pb_section]<\/p>\n","protected":false},"excerpt":{"rendered":"<p>&#8222;In dieser unruhigen Gesellschaft brauchen wir die Wogen der Kraft der B\u00fcrgerinnen und B\u00fcrger, um aus der Krise eine Chance zu machen, um unser Land in neuem Licht erscheinen zu lassen. Nichts davon k\u00f6nnen wir erreichen, ohne die aktive Mitarbeit der B\u00fcrgerinnen und B\u00fcrger. Ohne das Talent der Personen, die den menschlichen Raum der St\u00e4dte [&hellip;]<\/p>\n","protected":false},"author":1,"featured_media":0,"parent":0,"menu_order":0,"comment_status":"closed","ping_status":"closed","template":"","meta":{"_et_pb_use_builder":"on","_et_pb_old_content":"","_et_gb_content_width":"","footnotes":""},"class_list":["post-143","page","type-page","status-publish","hentry"],"_links":{"self":[{"href":"https:\/\/social-angels.de\/index.php?rest_route=\/wp\/v2\/pages\/143","targetHints":{"allow":["GET"]}}],"collection":[{"href":"https:\/\/social-angels.de\/index.php?rest_route=\/wp\/v2\/pages"}],"about":[{"href":"https:\/\/social-angels.de\/index.php?rest_route=\/wp\/v2\/types\/page"}],"author":[{"embeddable":true,"href":"https:\/\/social-angels.de\/index.php?rest_route=\/wp\/v2\/users\/1"}],"replies":[{"embeddable":true,"href":"https:\/\/social-angels.de\/index.php?rest_route=%2Fwp%2Fv2%2Fcomments&post=143"}],"version-history":[{"count":49,"href":"https:\/\/social-angels.de\/index.php?rest_route=\/wp\/v2\/pages\/143\/revisions"}],"predecessor-version":[{"id":314,"href":"https:\/\/social-angels.de\/index.php?rest_route=\/wp\/v2\/pages\/143\/revisions\/314"}],"wp:attachment":[{"href":"https:\/\/social-angels.de\/index.php?rest_route=%2Fwp%2Fv2%2Fmedia&parent=143"}],"curies":[{"name":"wp","href":"https:\/\/api.w.org\/{rel}","templated":true}]}}