{"id":176,"date":"2025-01-28T10:00:47","date_gmt":"2025-01-28T10:00:47","guid":{"rendered":"https:\/\/social-angels.de\/?page_id=176"},"modified":"2025-01-28T12:29:13","modified_gmt":"2025-01-28T12:29:13","slug":"stiftungskuratorium","status":"publish","type":"page","link":"https:\/\/social-angels.de\/?page_id=176","title":{"rendered":"Stiftungskuratorium"},"content":{"rendered":"<p>[et_pb_section fb_built=&#8220;1&#8243; _builder_version=&#8220;4.27.4&#8243; _module_preset=&#8220;default&#8220; global_colors_info=&#8220;{}&#8220;][et_pb_row _builder_version=&#8220;4.27.4&#8243; _module_preset=&#8220;default&#8220; global_colors_info=&#8220;{}&#8220;][et_pb_column type=&#8220;4_4&#8243; _builder_version=&#8220;4.27.4&#8243; _module_preset=&#8220;default&#8220; global_colors_info=&#8220;{}&#8220;][et_pb_image src=&#8220;https:\/\/social-angels.de\/wp-content\/uploads\/2025\/01\/Kommmtgutan.jpg&#8220; title_text=&#8220;Kommmtgutan&#8220; align=&#8220;center&#8220; _builder_version=&#8220;4.27.4&#8243; _module_preset=&#8220;default&#8220; global_colors_info=&#8220;{}&#8220;][\/et_pb_image][\/et_pb_column][\/et_pb_row][et_pb_row _builder_version=&#8220;4.27.4&#8243; _module_preset=&#8220;default&#8220; global_colors_info=&#8220;{}&#8220;][et_pb_column type=&#8220;4_4&#8243; _builder_version=&#8220;4.27.4&#8243; _module_preset=&#8220;default&#8220; global_colors_info=&#8220;{}&#8220;][et_pb_text _builder_version=&#8220;4.27.4&#8243; _module_preset=&#8220;default&#8220; text_font=&#8220;Arial||||||||&#8220; text_font_size=&#8220;16px&#8220; text_orientation=&#8220;center&#8220; hover_enabled=&#8220;0&#8243; global_colors_info=&#8220;{}&#8220; sticky_enabled=&#8220;0&#8243;]<\/p>\n<p>Kooperation und Freude als Leitkultur<\/p>\n<p>[\/et_pb_text][\/et_pb_column][\/et_pb_row][et_pb_row _builder_version=&#8220;4.27.4&#8243; _module_preset=&#8220;default&#8220; global_colors_info=&#8220;{}&#8220;][et_pb_column type=&#8220;4_4&#8243; _builder_version=&#8220;4.27.4&#8243; _module_preset=&#8220;default&#8220; global_colors_info=&#8220;{}&#8220;][et_pb_heading title=&#8220;Das Stiftungskuratorium&#8220; _builder_version=&#8220;4.27.4&#8243; _module_preset=&#8220;default&#8220; title_font=&#8220;Arial||||||||&#8220; title_text_align=&#8220;center&#8220; title_font_size=&#8220;50px&#8220; global_colors_info=&#8220;{}&#8220;][\/et_pb_heading][\/et_pb_column][\/et_pb_row][et_pb_row column_structure=&#8220;1_2,1_2&#8243; _builder_version=&#8220;4.27.4&#8243; _module_preset=&#8220;default&#8220; global_colors_info=&#8220;{}&#8220;][et_pb_column type=&#8220;1_2&#8243; _builder_version=&#8220;4.27.4&#8243; _module_preset=&#8220;default&#8220; global_colors_info=&#8220;{}&#8220;][et_pb_image src=&#8220;https:\/\/social-angels.de\/wp-content\/uploads\/2025\/01\/sarnaroeser.jpg&#8220; title_text=&#8220;sarnaroeser&#8220; _builder_version=&#8220;4.27.4&#8243; _module_preset=&#8220;default&#8220; global_colors_info=&#8220;{}&#8220;][\/et_pb_image][\/et_pb_column][et_pb_column type=&#8220;1_2&#8243; _builder_version=&#8220;4.27.4&#8243; _module_preset=&#8220;default&#8220; global_colors_info=&#8220;{}&#8220;][et_pb_text _builder_version=&#8220;4.27.4&#8243; _module_preset=&#8220;default&#8220; text_font=&#8220;Arial||||||||&#8220; text_font_size=&#8220;18px&#8220; global_colors_info=&#8220;{}&#8220;]<\/p>\n<h1 style=\"text-align: center;\"><strong>Sarna R\u00f6ser<\/strong><\/h1>\n<p>Mitglied im Kuratorium der Social Angels Stiftung seit 2009<\/p>\n<p>Sarna absolvierte 2009 ihr Studium der Internationale Betriebswirtschaftslehre mit dem Schwerpunkt Marketingmanagement in Stuttgart und an der University of Northumbria, Newcastle. Anschlie\u00dfend stieg sie in die elterliche Stiftung ein und war f\u00fcr die Koordination, Durchf\u00fchrung und Begleitung der Weiterbildungsg\u00e4nge f\u00fcr ehemalige F\u00fchrungskr\u00e4fte zust\u00e4ndig. Gemeinsam mit Brigida R\u00f6ser und ihrem Team, entwickelte sie unterschiedlichste Workshop- und Veranstaltungsformate f\u00fcr Unternehmen.<\/p>\n<p>Sarna absolvierte 2013 einen Diplomkurs (Certificate of Advanced Studies) in Corporate Social Responsibility an der Lucerne University of Applied Science and Art. 2014 erhielt sie bez\u00fcglich ihrer Studienarbeit einen Lehrauftrag.<\/p>\n<p>Sarna f\u00fchrte den Verband &#8222;Die Jungen Unternehmer&#8220; von 2018 bis 2023.<\/p>\n<p>Sarna in Mitgr\u00fcnderin der &#8222;Unternehmer in Bewegung&#8220; in 2024.<\/p>\n<p>Homepage: <a href=\"http:\/\/www.sarna-roeser.de\" target=\"_blank\" rel=\"noopener\">www.sarna-roeser.de<\/a><\/p>\n<p>[\/et_pb_text][\/et_pb_column][\/et_pb_row][et_pb_row column_structure=&#8220;1_2,1_2&#8243; _builder_version=&#8220;4.27.4&#8243; _module_preset=&#8220;default&#8220; global_colors_info=&#8220;{}&#8220;][et_pb_column type=&#8220;1_2&#8243; _builder_version=&#8220;4.27.4&#8243; _module_preset=&#8220;default&#8220; global_colors_info=&#8220;{}&#8220;][et_pb_image src=&#8220;https:\/\/social-angels.de\/wp-content\/uploads\/2025\/01\/zeldaroeser1.jpg&#8220; title_text=&#8220;zeldaroeser1&#8243; _builder_version=&#8220;4.27.4&#8243; _module_preset=&#8220;default&#8220; global_colors_info=&#8220;{}&#8220;][\/et_pb_image][\/et_pb_column][et_pb_column type=&#8220;1_2&#8243; _builder_version=&#8220;4.27.4&#8243; _module_preset=&#8220;default&#8220; global_colors_info=&#8220;{}&#8220;][et_pb_text _builder_version=&#8220;4.27.4&#8243; _module_preset=&#8220;default&#8220; text_font=&#8220;Arial||||||||&#8220; text_font_size=&#8220;18px&#8220; global_colors_info=&#8220;{}&#8220;]<\/p>\n<h1 style=\"text-align: center;\"><strong>Zelda R\u00f6ser<\/strong><\/h1>\n<p>Mitglied im Kuratorium der Social Angels Stiftung seit 2019<\/p>\n<p>Seit 2014 mit Abschluss in Betriebswirtschaftlicher Steuerlehre und Wirtschaftspr\u00fcfung (B.A.) in Mundelsheim im familieneigenen Projektmanagement t\u00e4tig. Berufsbegleitendes Masterstudium in Wirtschaftsrecht (LL.M.) mit Abschluss als Wirtschaftsjuristin im Fr\u00fchjahr 2019.<\/p>\n<p>[\/et_pb_text][\/et_pb_column][\/et_pb_row][\/et_pb_section]<\/p>\n","protected":false},"excerpt":{"rendered":"<p>Kooperation und Freude als LeitkulturSarna R\u00f6ser Mitglied im Kuratorium der Social Angels Stiftung seit 2009 Sarna absolvierte 2009 ihr Studium der Internationale Betriebswirtschaftslehre mit dem Schwerpunkt Marketingmanagement in Stuttgart und an der University of Northumbria, Newcastle. Anschlie\u00dfend stieg sie in die elterliche Stiftung ein und war f\u00fcr die Koordination, Durchf\u00fchrung und Begleitung der Weiterbildungsg\u00e4nge f\u00fcr [&hellip;]<\/p>\n","protected":false},"author":1,"featured_media":0,"parent":0,"menu_order":0,"comment_status":"closed","ping_status":"closed","template":"","meta":{"_et_pb_use_builder":"on","_et_pb_old_content":"","_et_gb_content_width":"","footnotes":""},"class_list":["post-176","page","type-page","status-publish","hentry"],"_links":{"self":[{"href":"https:\/\/social-angels.de\/index.php?rest_route=\/wp\/v2\/pages\/176","targetHints":{"allow":["GET"]}}],"collection":[{"href":"https:\/\/social-angels.de\/index.php?rest_route=\/wp\/v2\/pages"}],"about":[{"href":"https:\/\/social-angels.de\/index.php?rest_route=\/wp\/v2\/types\/page"}],"author":[{"embeddable":true,"href":"https:\/\/social-angels.de\/index.php?rest_route=\/wp\/v2\/users\/1"}],"replies":[{"embeddable":true,"href":"https:\/\/social-angels.de\/index.php?rest_route=%2Fwp%2Fv2%2Fcomments&post=176"}],"version-history":[{"count":7,"href":"https:\/\/social-angels.de\/index.php?rest_route=\/wp\/v2\/pages\/176\/revisions"}],"predecessor-version":[{"id":227,"href":"https:\/\/social-angels.de\/index.php?rest_route=\/wp\/v2\/pages\/176\/revisions\/227"}],"wp:attachment":[{"href":"https:\/\/social-angels.de\/index.php?rest_route=%2Fwp%2Fv2%2Fmedia&parent=176"}],"curies":[{"name":"wp","href":"https:\/\/api.w.org\/{rel}","templated":true}]}}