{"id":245,"date":"2025-01-28T14:55:49","date_gmt":"2025-01-28T14:55:49","guid":{"rendered":"https:\/\/social-angels.de\/?page_id=245"},"modified":"2025-01-28T15:44:26","modified_gmt":"2025-01-28T15:44:26","slug":"impressum","status":"publish","type":"page","link":"https:\/\/social-angels.de\/?page_id=245","title":{"rendered":"Impressum"},"content":{"rendered":"<p>[et_pb_section fb_built=&#8220;1&#8243; _builder_version=&#8220;4.27.4&#8243; _module_preset=&#8220;default&#8220; global_colors_info=&#8220;{}&#8220;][et_pb_row _builder_version=&#8220;4.27.4&#8243; _module_preset=&#8220;default&#8220; global_colors_info=&#8220;{}&#8220;][et_pb_column type=&#8220;4_4&#8243; _builder_version=&#8220;4.27.4&#8243; _module_preset=&#8220;default&#8220; global_colors_info=&#8220;{}&#8220;][et_pb_text _builder_version=&#8220;4.27.4&#8243; _module_preset=&#8220;default&#8220; text_font=&#8220;Arial||||||||&#8220; text_orientation=&#8220;center&#8220; global_colors_info=&#8220;{}&#8220;]<\/p>\n<h1>Impressum<\/h1>\n<p>[\/et_pb_text][\/et_pb_column][\/et_pb_row][et_pb_row _builder_version=&#8220;4.27.4&#8243; _module_preset=&#8220;default&#8220; global_colors_info=&#8220;{}&#8220;][et_pb_column type=&#8220;4_4&#8243; _builder_version=&#8220;4.27.4&#8243; _module_preset=&#8220;default&#8220; global_colors_info=&#8220;{}&#8220;][et_pb_text _builder_version=&#8220;4.27.4&#8243; _module_preset=&#8220;default&#8220; text_font=&#8220;Arial||||||||&#8220; text_font_size=&#8220;15px&#8220; global_colors_info=&#8220;{}&#8220;]<\/p>\n<p><strong>Social Angels Stiftung<\/strong><br \/>Johann-Wolff-Str. 1<br \/>D-74395 Mundelsheim<br \/>Tel.: 07143-259595-2<\/p>\n<p><strong>Vorstand<\/strong><br \/>Dipl.-Wirtschaftsing. J\u00fcrgen R\u00f6ser<br \/>StiftungsNr.143\/235\/73183<br \/>Finanzamt M\u00fcnchen<\/p>\n<p><strong>Stiftungskonto<\/strong><br \/>Bank f\u00fcr Sozialwirtschaft<br \/>Kto. 502 0019 000<br \/>BLZ 700 205 00<\/p>\n<p><strong>Haftungsausschluss<\/strong><br \/>Unsere Web-Seiten haben wir sehr sorgf\u00e4ltig zusammengestellt. Dennoch k\u00f6nnen wir leider f\u00fcr die Richtigkeit und Vollst\u00e4ndigkeit der Angaben keine Haftung \u00fcbernehmen.<\/p>\n<p><strong>Hyperlinks<\/strong><br \/>Die auf unseren Web-Seiten aufgef\u00fchrten Hyperlinks stellen keine Empfehlung dar. Die Genauigkeit und Richtigkeit der dort aufgef\u00fchrten Informationen pr\u00fcfen wir nicht. F\u00fcr den Inhalt der verlinkten Seiten sind ausschlie\u00dflich deren Betreiber verantwortlich. F\u00fcr Sch\u00e4-den, die aus der Verwendung dieser Informationen entstehen, \u00fcbernehmen wir keine Haf-tung. Verweisungen von fremden Websites auf unsere Website sind nur auf unsere Home-page gestattet. Das Einbinden unserer Webpages\/Websites in fremde Websites (z.B. durch &#8222;Framing&#8220; etc.) ist nicht gestattet.<\/p>\n<p>[\/et_pb_text][\/et_pb_column][\/et_pb_row][\/et_pb_section]<\/p>\n","protected":false},"excerpt":{"rendered":"<p>ImpressumSocial Angels StiftungJohann-Wolff-Str. 1D-74395 MundelsheimTel.: 07143-259595-2 VorstandDipl.-Wirtschaftsing. J\u00fcrgen R\u00f6serStiftungsNr.143\/235\/73183Finanzamt M\u00fcnchen StiftungskontoBank f\u00fcr SozialwirtschaftKto. 502 0019 000BLZ 700 205 00 HaftungsausschlussUnsere Web-Seiten haben wir sehr sorgf\u00e4ltig zusammengestellt. Dennoch k\u00f6nnen wir leider f\u00fcr die Richtigkeit und Vollst\u00e4ndigkeit der Angaben keine Haftung \u00fcbernehmen. HyperlinksDie auf unseren Web-Seiten aufgef\u00fchrten Hyperlinks stellen keine Empfehlung dar. Die Genauigkeit und Richtigkeit der [&hellip;]<\/p>\n","protected":false},"author":1,"featured_media":0,"parent":0,"menu_order":0,"comment_status":"closed","ping_status":"closed","template":"","meta":{"_et_pb_use_builder":"on","_et_pb_old_content":"","_et_gb_content_width":"","footnotes":""},"class_list":["post-245","page","type-page","status-publish","hentry"],"_links":{"self":[{"href":"https:\/\/social-angels.de\/index.php?rest_route=\/wp\/v2\/pages\/245","targetHints":{"allow":["GET"]}}],"collection":[{"href":"https:\/\/social-angels.de\/index.php?rest_route=\/wp\/v2\/pages"}],"about":[{"href":"https:\/\/social-angels.de\/index.php?rest_route=\/wp\/v2\/types\/page"}],"author":[{"embeddable":true,"href":"https:\/\/social-angels.de\/index.php?rest_route=\/wp\/v2\/users\/1"}],"replies":[{"embeddable":true,"href":"https:\/\/social-angels.de\/index.php?rest_route=%2Fwp%2Fv2%2Fcomments&post=245"}],"version-history":[{"count":4,"href":"https:\/\/social-angels.de\/index.php?rest_route=\/wp\/v2\/pages\/245\/revisions"}],"predecessor-version":[{"id":271,"href":"https:\/\/social-angels.de\/index.php?rest_route=\/wp\/v2\/pages\/245\/revisions\/271"}],"wp:attachment":[{"href":"https:\/\/social-angels.de\/index.php?rest_route=%2Fwp%2Fv2%2Fmedia&parent=245"}],"curies":[{"name":"wp","href":"https:\/\/api.w.org\/{rel}","templated":true}]}}